{"id":6245,"date":"2024-12-08T15:54:24","date_gmt":"2024-12-08T15:54:24","guid":{"rendered":"https:\/\/www.mautassin.com\/?post_type=product&#038;p=6245"},"modified":"2025-06-26T17:45:24","modified_gmt":"2025-06-26T16:45:24","slug":"takchita-zaina-tradition-modernite-vert","status":"publish","type":"product","link":"https:\/\/mautassin.com\/en\/product\/takchita-zaina-tradition-modernite-vert\/","title":{"rendered":"Takchita Zaina \u2013 Harmony of Tradition and Modernity in Green for an Elegant Bride"},"content":{"rendered":"","protected":false},"excerpt":{"rendered":"<p>La Takchita Zaina, sign\u00e9e Mautassin Haute Couture, est une cr\u00e9ation unique qui c\u00e9l\u00e8bre l\u2019\u00e9l\u00e9gance intemporelle des caftans marocains. Confectionn\u00e9e \u00e0 la main dans une teinte verte \u00e9clatante, elle est sublim\u00e9e par des broderies d\u00e9licates et des cristaux Swarovski authentiques. Cette takchita allie tradition marocaine et design contemporain, faisant d\u2019elle le choix id\u00e9al pour une mari\u00e9e en qu\u00eate de sophistication et d\u2019originalit\u00e9. Sublimez votre mariage avec cette pi\u00e8ce d\u2019exception qui refl\u00e8te le savoir-faire artisanal de Mautassin.<\/p>\n<p>&nbsp;<\/p>\n[wa-order]\n","protected":false},"featured_media":4187,"comment_status":"open","ping_status":"closed","template":"","meta":[],"product_brand":[],"product_cat":[130,128],"product_tag":[208,20,109,129],"class_list":{"0":"post-6245","1":"product","2":"type-product","3":"status-publish","4":"has-post-thumbnail","6":"product_cat-collection-takchita-belqees-haute-couture","7":"product_cat-haute-couture","8":"product_tag-balqees","9":"product_tag-mautassin","10":"product_tag-takchita","11":"product_tag-zaina","12":"product_shipping_class-us","14":"first","15":"instock","16":"taxable","17":"shipping-taxable","18":"purchasable","19":"product-type-simple"},"_links":{"self":[{"href":"https:\/\/mautassin.com\/en\/wp-json\/wp\/v2\/product\/6245","targetHints":{"allow":["GET"]}}],"collection":[{"href":"https:\/\/mautassin.com\/en\/wp-json\/wp\/v2\/product"}],"about":[{"href":"https:\/\/mautassin.com\/en\/wp-json\/wp\/v2\/types\/product"}],"replies":[{"embeddable":true,"href":"https:\/\/mautassin.com\/en\/wp-json\/wp\/v2\/comments?post=6245"}],"wp:featuredmedia":[{"embeddable":true,"href":"https:\/\/mautassin.com\/en\/wp-json\/wp\/v2\/media\/4187"}],"wp:attachment":[{"href":"https:\/\/mautassin.com\/en\/wp-json\/wp\/v2\/media?parent=6245"}],"wp:term":[{"taxonomy":"product_brand","embeddable":true,"href":"https:\/\/mautassin.com\/en\/wp-json\/wp\/v2\/product_brand?post=6245"},{"taxonomy":"product_cat","embeddable":true,"href":"https:\/\/mautassin.com\/en\/wp-json\/wp\/v2\/product_cat?post=6245"},{"taxonomy":"product_tag","embeddable":true,"href":"https:\/\/mautassin.com\/en\/wp-json\/wp\/v2\/product_tag?post=6245"}],"curies":[{"name":"wp","href":"https:\/\/api.w.org\/{rel}","templated":true}]}}