{"id":6201,"date":"2024-12-08T15:53:54","date_gmt":"2024-12-08T15:53:54","guid":{"rendered":"https:\/\/www.mautassin.com\/?post_type=product&#038;p=6201"},"modified":"2025-02-18T11:57:36","modified_gmt":"2025-02-18T10:57:36","slug":"takchita-jad-vert-eau-brodee-et-perlee","status":"publish","type":"product","link":"https:\/\/mautassin.com\/en\/product\/takchita-jad-vert-eau-brodee-et-perlee\/","title":{"rendered":"Takchita Jad Mautassin \u2013 Sophistication in Embroidered and Beaded Water Green"},"content":{"rendered":"","protected":false},"excerpt":{"rendered":"<p>Plongez dans l\u2019univers raffin\u00e9 de la Takchita Jad Mautassin, une pi\u00e8ce somptueuse qui incarne la beaut\u00e9 et la sophistication. R\u00e9alis\u00e9e dans une teinte vert eau douce et apaisante, cette Takchita se distingue par son tissu de cr\u00eape et soie de qualit\u00e9 sup\u00e9rieure, offrant un tomb\u00e9 fluide et \u00e9l\u00e9gant.<\/p>\n<p>Les broderies minutieuses, ex\u00e9cut\u00e9es \u00e0 la main avec une pr\u00e9cision exceptionnelle, cr\u00e9ent des motifs raffin\u00e9s qui captivent le regard. Le perlage d\u00e9licat, subtilement int\u00e9gr\u00e9, ajoute une touche d\u2019\u00e9clat discret, rendant cette tenue id\u00e9ale pour des \u00e9v\u00e9nements prestigieux comme les mariages, soir\u00e9es de gala ou autres c\u00e9l\u00e9brations m\u00e9morables.<\/p>\n<p>Chaque d\u00e9tail de la Takchita Jad Mautassin refl\u00e8te le savoir-faire artisanal marocain, mariant tradition et modernit\u00e9 pour une tenue unique. Con\u00e7ue pour sublimer la silhouette f\u00e9minine, elle offre une \u00e9l\u00e9gance intemporelle qui s\u00e9duira toutes celles qui la portent.<\/p>\n<p>Faites de votre moment sp\u00e9cial une exp\u00e9rience inoubliable avec cette \u0153uvre d\u2019art sign\u00e9e Mautassin Haute Couture.<\/p>\n[wa-order]\n","protected":false},"featured_media":4482,"comment_status":"open","ping_status":"closed","template":"","meta":[],"product_brand":[],"product_cat":[107,16],"product_tag":[194,20,109],"class_list":{"0":"post-6201","1":"product","2":"type-product","3":"status-publish","4":"has-post-thumbnail","6":"product_cat-takchita","7":"product_cat-pret-a-porter","8":"product_tag-granit","9":"product_tag-mautassin","10":"product_tag-takchita","11":"product_shipping_class-us","13":"first","14":"instock","15":"taxable","16":"shipping-taxable","17":"purchasable","18":"product-type-simple"},"_links":{"self":[{"href":"https:\/\/mautassin.com\/en\/wp-json\/wp\/v2\/product\/6201","targetHints":{"allow":["GET"]}}],"collection":[{"href":"https:\/\/mautassin.com\/en\/wp-json\/wp\/v2\/product"}],"about":[{"href":"https:\/\/mautassin.com\/en\/wp-json\/wp\/v2\/types\/product"}],"replies":[{"embeddable":true,"href":"https:\/\/mautassin.com\/en\/wp-json\/wp\/v2\/comments?post=6201"}],"wp:featuredmedia":[{"embeddable":true,"href":"https:\/\/mautassin.com\/en\/wp-json\/wp\/v2\/media\/4482"}],"wp:attachment":[{"href":"https:\/\/mautassin.com\/en\/wp-json\/wp\/v2\/media?parent=6201"}],"wp:term":[{"taxonomy":"product_brand","embeddable":true,"href":"https:\/\/mautassin.com\/en\/wp-json\/wp\/v2\/product_brand?post=6201"},{"taxonomy":"product_cat","embeddable":true,"href":"https:\/\/mautassin.com\/en\/wp-json\/wp\/v2\/product_cat?post=6201"},{"taxonomy":"product_tag","embeddable":true,"href":"https:\/\/mautassin.com\/en\/wp-json\/wp\/v2\/product_tag?post=6201"}],"curies":[{"name":"wp","href":"https:\/\/api.w.org\/{rel}","templated":true}]}}