{"id":6199,"date":"2024-12-08T15:53:53","date_gmt":"2024-12-08T15:53:53","guid":{"rendered":"https:\/\/www.mautassin.com\/?post_type=product&#038;p=6199"},"modified":"2025-05-29T06:06:35","modified_gmt":"2025-05-29T05:06:35","slug":"takchita-noor-envoutante-vert-profond","status":"publish","type":"product","link":"https:\/\/mautassin.com\/en\/product\/takchita-noor-envoutante-vert-profond\/","title":{"rendered":"Takchita Noor Mautassin \u2013 Enchanting Elegance in Deep Green"},"content":{"rendered":"","protected":false},"excerpt":{"rendered":"<p>La Takchita Noor Mautassin, en vert bouteille intense, est une pi\u00e8ce iconique qui allie tradition et modernit\u00e9 avec un \u00e9clat sophistiqu\u00e9. Confectionn\u00e9e avec un soin artisanal in\u00e9gal\u00e9, cette takchita se distingue par ses broderies minutieuses, r\u00e9alis\u00e9es \u00e0 la main, et son perlage d\u00e9licat qui illuminent chaque d\u00e9tail de la robe. Le tissu en cr\u00eape et soie offre une fluidit\u00e9 gracieuse, mettant en valeur la silhouette tout en garantissant un confort optimal.<\/p>\n<p>Id\u00e9ale pour des \u00e9v\u00e9nements prestigieux tels que des r\u00e9ceptions de mariage, des c\u00e9l\u00e9brations \u00e9l\u00e9gantes, ou des soir\u00e9es de gala, cette robe transforme chaque occasion en un moment m\u00e9morable. Son design raffin\u00e9 \u00e9voque un \u00e9quilibre parfait entre savoir-faire artisanal marocain et modernit\u00e9 intemporelle. Avec la Takchita Noor Mautassin, chaque femme rayonne de gr\u00e2ce et de sophistication, incarnant une \u00e9l\u00e9gance qui ne passe jamais inaper\u00e7ue. Une pi\u00e8ce incontournable pour celles qui recherchent l&rsquo;excellence dans les moindres d\u00e9tails.<\/p>\n<p>&nbsp;<\/p>\n[wa-order]\n","protected":false},"featured_media":4474,"comment_status":"open","ping_status":"closed","template":"","meta":[],"product_brand":[],"product_cat":[107,16],"product_tag":[20,192,109],"class_list":{"0":"post-6199","1":"product","2":"type-product","3":"status-publish","4":"has-post-thumbnail","6":"product_cat-takchita","7":"product_cat-pret-a-porter","8":"product_tag-mautassin","9":"product_tag-onde","10":"product_tag-takchita","11":"product_shipping_class-us","13":"first","14":"instock","15":"taxable","16":"shipping-taxable","17":"purchasable","18":"product-type-simple"},"_links":{"self":[{"href":"https:\/\/mautassin.com\/en\/wp-json\/wp\/v2\/product\/6199","targetHints":{"allow":["GET"]}}],"collection":[{"href":"https:\/\/mautassin.com\/en\/wp-json\/wp\/v2\/product"}],"about":[{"href":"https:\/\/mautassin.com\/en\/wp-json\/wp\/v2\/types\/product"}],"replies":[{"embeddable":true,"href":"https:\/\/mautassin.com\/en\/wp-json\/wp\/v2\/comments?post=6199"}],"wp:featuredmedia":[{"embeddable":true,"href":"https:\/\/mautassin.com\/en\/wp-json\/wp\/v2\/media\/4474"}],"wp:attachment":[{"href":"https:\/\/mautassin.com\/en\/wp-json\/wp\/v2\/media?parent=6199"}],"wp:term":[{"taxonomy":"product_brand","embeddable":true,"href":"https:\/\/mautassin.com\/en\/wp-json\/wp\/v2\/product_brand?post=6199"},{"taxonomy":"product_cat","embeddable":true,"href":"https:\/\/mautassin.com\/en\/wp-json\/wp\/v2\/product_cat?post=6199"},{"taxonomy":"product_tag","embeddable":true,"href":"https:\/\/mautassin.com\/en\/wp-json\/wp\/v2\/product_tag?post=6199"}],"curies":[{"name":"wp","href":"https:\/\/api.w.org\/{rel}","templated":true}]}}