{"id":6198,"date":"2024-12-08T15:53:53","date_gmt":"2024-12-08T15:53:53","guid":{"rendered":"https:\/\/www.mautassin.com\/?post_type=product&#038;p=6198"},"modified":"2025-02-18T11:57:38","modified_gmt":"2025-02-18T10:57:38","slug":"takchita-zahra-eclat-sublime-en-vert","status":"publish","type":"product","link":"https:\/\/mautassin.com\/en\/product\/takchita-zahra-eclat-sublime-en-vert\/","title":{"rendered":"Takchita Zahra Mautassin \u2013 Sublime Radiance in Green"},"content":{"rendered":"","protected":false},"excerpt":{"rendered":"<p><span data-sheets-root=\"1\">La Takchita Zahra Mautassin est une \u0153uvre d&rsquo;art vestimentaire, con\u00e7ue pour celles qui souhaitent captiver les regards avec une allure somptueuse. R\u00e9alis\u00e9e dans une teinte vert bouteille riche et \u00e9clatante, cette takchita est orn\u00e9e de perles d\u00e9licatement cousues \u00e0 la main, ajoutant une touche de brillance et de raffinement \u00e0 son design. Le tissu en soie luxueuse offre une fluidit\u00e9 incomparable et une sensation douce sur la peau, assurant un confort optimal lors des grandes occasions. <\/span><\/p>\n<p><span data-sheets-root=\"1\">Chaque d\u00e9tail, du perlage artisanal minutieux aux finitions impeccables, illustre l&rsquo;exceptionnel savoir-faire de Mautassin Haute Couture, fusionnant tradition marocaine et modernit\u00e9 audacieuse. Cette robe est le choix id\u00e9al pour les mariages fastueux, les r\u00e9ceptions de prestige, ou tout \u00e9v\u00e9nement o\u00f9 l\u2019\u00e9l\u00e9gance et le glamour sont de mise. Portez la Takchita Zahra et laissez son charme intemporel raconter votre histoire de style et de gr\u00e2ce.<\/span><\/p>\n<p>&nbsp;<\/p>\n[wa-order]\n","protected":false},"featured_media":4470,"comment_status":"open","ping_status":"closed","template":"","meta":[],"product_brand":[],"product_cat":[107,16],"product_tag":[20,191,109],"class_list":{"0":"post-6198","1":"product","2":"type-product","3":"status-publish","4":"has-post-thumbnail","6":"product_cat-takchita","7":"product_cat-pret-a-porter","8":"product_tag-mautassin","9":"product_tag-perle","10":"product_tag-takchita","11":"product_shipping_class-us","13":"first","14":"instock","15":"taxable","16":"shipping-taxable","17":"purchasable","18":"product-type-simple"},"_links":{"self":[{"href":"https:\/\/mautassin.com\/en\/wp-json\/wp\/v2\/product\/6198","targetHints":{"allow":["GET"]}}],"collection":[{"href":"https:\/\/mautassin.com\/en\/wp-json\/wp\/v2\/product"}],"about":[{"href":"https:\/\/mautassin.com\/en\/wp-json\/wp\/v2\/types\/product"}],"replies":[{"embeddable":true,"href":"https:\/\/mautassin.com\/en\/wp-json\/wp\/v2\/comments?post=6198"}],"wp:featuredmedia":[{"embeddable":true,"href":"https:\/\/mautassin.com\/en\/wp-json\/wp\/v2\/media\/4470"}],"wp:attachment":[{"href":"https:\/\/mautassin.com\/en\/wp-json\/wp\/v2\/media?parent=6198"}],"wp:term":[{"taxonomy":"product_brand","embeddable":true,"href":"https:\/\/mautassin.com\/en\/wp-json\/wp\/v2\/product_brand?post=6198"},{"taxonomy":"product_cat","embeddable":true,"href":"https:\/\/mautassin.com\/en\/wp-json\/wp\/v2\/product_cat?post=6198"},{"taxonomy":"product_tag","embeddable":true,"href":"https:\/\/mautassin.com\/en\/wp-json\/wp\/v2\/product_tag?post=6198"}],"curies":[{"name":"wp","href":"https:\/\/api.w.org\/{rel}","templated":true}]}}