{"id":6197,"date":"2024-12-08T15:53:40","date_gmt":"2024-12-08T15:53:40","guid":{"rendered":"https:\/\/www.mautassin.com\/?post_type=product&#038;p=6197"},"modified":"2025-06-02T18:38:46","modified_gmt":"2025-06-02T17:38:46","slug":"takchita-sahar-elegance-subtile-en-rose-nude","status":"publish","type":"product","link":"https:\/\/mautassin.com\/en\/product\/takchita-sahar-elegance-subtile-en-rose-nude\/","title":{"rendered":"Fluid Takchita Sahar Mautassin \u2013 Subtle Elegance in Nude Pink"},"content":{"rendered":"","protected":false},"excerpt":{"rendered":"<p>La Takchita Sahar Mautassin, dans une teinte douce de rose nude, est une pi\u00e8ce exquise qui incarne la gr\u00e2ce f\u00e9minine et le luxe discret. Confectionn\u00e9e \u00e0 partir de soie de qualit\u00e9 sup\u00e9rieure, cette takchita offre une coupe fluide et gracieuse qui sublime la silhouette. Les perles d\u00e9licatement cousues \u00e0 la main ajoutent une subtile brillance, capturant la lumi\u00e8re de mani\u00e8re envo\u00fbtante et soulignant chaque mouvement avec \u00e9l\u00e9gance.<\/p>\n<p>Id\u00e9ale pour des soir\u00e9es glamour, des c\u00e9r\u00e9monies \u00e9l\u00e9gantes ou des \u00e9v\u00e9nements sp\u00e9ciaux, cette robe est un v\u00e9ritable hommage au savoir-faire artisanal marocain. Chaque d\u00e9tail refl\u00e8te un \u00e9quilibre parfait entre tradition et modernit\u00e9, offrant une tenue qui transcende les tendances tout en restant intemporelle. Avec la Takchita Sahar Mautassin, les femmes qui recherchent une tenue discr\u00e8tement luxueuse et irr\u00e9sistiblement \u00e9l\u00e9gante trouveront une pi\u00e8ce incontournable qui rehausse leur style en toute occasion.<\/p>\n<p>&nbsp;<\/p>\n[wa-order]\n","protected":false},"featured_media":4465,"comment_status":"open","ping_status":"closed","template":"","meta":[],"product_brand":[],"product_cat":[16,327],"product_tag":[20,189,190,109],"class_list":{"0":"post-6197","1":"product","2":"type-product","3":"status-publish","4":"has-post-thumbnail","6":"product_cat-pret-a-porter","7":"product_cat-takchita-fluide","8":"product_tag-mautassin","9":"product_tag-opale","10":"product_tag-sahar","11":"product_tag-takchita","12":"product_shipping_class-us","14":"first","15":"instock","16":"taxable","17":"shipping-taxable","18":"purchasable","19":"product-type-variable"},"_links":{"self":[{"href":"https:\/\/mautassin.com\/en\/wp-json\/wp\/v2\/product\/6197","targetHints":{"allow":["GET"]}}],"collection":[{"href":"https:\/\/mautassin.com\/en\/wp-json\/wp\/v2\/product"}],"about":[{"href":"https:\/\/mautassin.com\/en\/wp-json\/wp\/v2\/types\/product"}],"replies":[{"embeddable":true,"href":"https:\/\/mautassin.com\/en\/wp-json\/wp\/v2\/comments?post=6197"}],"wp:featuredmedia":[{"embeddable":true,"href":"https:\/\/mautassin.com\/en\/wp-json\/wp\/v2\/media\/4465"}],"wp:attachment":[{"href":"https:\/\/mautassin.com\/en\/wp-json\/wp\/v2\/media?parent=6197"}],"wp:term":[{"taxonomy":"product_brand","embeddable":true,"href":"https:\/\/mautassin.com\/en\/wp-json\/wp\/v2\/product_brand?post=6197"},{"taxonomy":"product_cat","embeddable":true,"href":"https:\/\/mautassin.com\/en\/wp-json\/wp\/v2\/product_cat?post=6197"},{"taxonomy":"product_tag","embeddable":true,"href":"https:\/\/mautassin.com\/en\/wp-json\/wp\/v2\/product_tag?post=6197"}],"curies":[{"name":"wp","href":"https:\/\/api.w.org\/{rel}","templated":true}]}}