{"id":4944,"date":"2024-12-08T12:25:10","date_gmt":"2024-12-08T12:25:10","guid":{"rendered":"https:\/\/www.mautassin.com\/?post_type=product&#038;p=4944"},"modified":"2025-02-18T11:55:22","modified_gmt":"2025-02-18T10:55:22","slug":"takchita-nayla-en-vert-bouteille","status":"publish","type":"product","link":"https:\/\/mautassin.com\/en\/product\/takchita-nayla-en-vert-bouteille\/","title":{"rendered":"Takchita Nayla Mautassin \u2013 Splendor in Embroidered and Beaded Bottle Green"},"content":{"rendered":"","protected":false},"excerpt":{"rendered":"<p><span data-sheets-root=\"1\">D\u00e9couvrez la Takchita Nayla Mautassin, une cr\u00e9ation somptueuse qui marie tradition et modernit\u00e9. Confectionn\u00e9e en cr\u00eape de haute qualit\u00e9 dans une teinte vert bouteille envo\u00fbtante, cette robe \u00e9voque une \u00e9l\u00e9gance intemporelle et une sophistication absolue. Les broderies artisanales minutieuses, r\u00e9alis\u00e9es avec un savoir-faire exceptionnel, ajoutent des d\u00e9tails riches et captivants. Chaque motif brod\u00e9 \u00e0 la main est sublim\u00e9 par des perles d\u00e9licates, offrant une touche lumineuse et une profondeur visuelle qui attirent tous les regards.<\/span><\/p>\n<p>Parfaite pour les mariages, les soir\u00e9es de gala ou les \u00e9v\u00e9nements prestigieux, la Takchita Nayla Mautassin incarne la quintessence du luxe marocain. Chaque d\u00e9tail refl\u00e8te l&rsquo;engagement de la maison Mautassin pour l\u2019excellence et la beaut\u00e9. Offrez-vous cette \u0153uvre d\u2019art et faites de chaque moment une c\u00e9l\u00e9bration inoubliable.<\/p>\n[wa-order]\n","protected":false},"featured_media":4155,"comment_status":"open","ping_status":"closed","template":"","meta":[],"product_brand":[],"product_cat":[107,16],"product_tag":[20,109],"class_list":{"0":"post-4944","1":"product","2":"type-product","3":"status-publish","4":"has-post-thumbnail","6":"product_cat-takchita","7":"product_cat-pret-a-porter","8":"product_tag-mautassin","9":"product_tag-takchita","10":"product_shipping_class-us","12":"first","13":"instock","14":"taxable","15":"shipping-taxable","16":"purchasable","17":"product-type-simple"},"_links":{"self":[{"href":"https:\/\/mautassin.com\/en\/wp-json\/wp\/v2\/product\/4944","targetHints":{"allow":["GET"]}}],"collection":[{"href":"https:\/\/mautassin.com\/en\/wp-json\/wp\/v2\/product"}],"about":[{"href":"https:\/\/mautassin.com\/en\/wp-json\/wp\/v2\/types\/product"}],"replies":[{"embeddable":true,"href":"https:\/\/mautassin.com\/en\/wp-json\/wp\/v2\/comments?post=4944"}],"wp:featuredmedia":[{"embeddable":true,"href":"https:\/\/mautassin.com\/en\/wp-json\/wp\/v2\/media\/4155"}],"wp:attachment":[{"href":"https:\/\/mautassin.com\/en\/wp-json\/wp\/v2\/media?parent=4944"}],"wp:term":[{"taxonomy":"product_brand","embeddable":true,"href":"https:\/\/mautassin.com\/en\/wp-json\/wp\/v2\/product_brand?post=4944"},{"taxonomy":"product_cat","embeddable":true,"href":"https:\/\/mautassin.com\/en\/wp-json\/wp\/v2\/product_cat?post=4944"},{"taxonomy":"product_tag","embeddable":true,"href":"https:\/\/mautassin.com\/en\/wp-json\/wp\/v2\/product_tag?post=4944"}],"curies":[{"name":"wp","href":"https:\/\/api.w.org\/{rel}","templated":true}]}}