{"id":4942,"date":"2024-12-08T12:25:10","date_gmt":"2024-12-08T12:25:10","guid":{"rendered":"https:\/\/www.mautassin.com\/?post_type=product&#038;p=4942"},"modified":"2025-02-18T11:55:19","modified_gmt":"2025-02-18T10:55:19","slug":"takchita-alia-en-vert-eau-brodee-et-perlee","status":"publish","type":"product","link":"https:\/\/mautassin.com\/en\/product\/takchita-alia-en-vert-eau-brodee-et-perlee\/","title":{"rendered":"Takchita Alia Mautassin \u2013 Elegance in Embroidered and Beaded Water Green"},"content":{"rendered":"","protected":false},"excerpt":{"rendered":"<p><span data-sheets-root=\"1\">Plongez dans l\u2019\u00e9l\u00e9gance et la s\u00e9r\u00e9nit\u00e9 avec la Takchita Alia Mautassin, une pi\u00e8ce captivante qui incarne le charme et la sophistication. R\u00e9alis\u00e9e dans une teinte vert eau apaisante, cette robe \u00e9voque la fra\u00eecheur et la gr\u00e2ce, offrant une silhouette \u00e0 la fois majestueuse et raffin\u00e9e. Confectionn\u00e9e en cr\u00eape de qualit\u00e9 sup\u00e9rieure, chaque d\u00e9tail est soigneusement travaill\u00e9 pour refl\u00e9ter l\u2019excellence de l\u2019artisanat marocain. Les broderies minutieuses, r\u00e9alis\u00e9es \u00e0 la main, ajoutent une richesse visuelle et une profondeur qui magnifient l\u2019ensemble. Les perles d\u00e9licatement int\u00e9gr\u00e9es conf\u00e8rent \u00e0 cette Takchita une touche d\u2019\u00e9clat subtile, parfaite pour briller lors de vos \u00e9v\u00e9nements les plus m\u00e9morables.<\/span><\/p>\n<p>Que ce soit pour un mariage, une soir\u00e9e de gala ou une c\u00e9r\u00e9monie prestigieuse, la Takchita Alia Mautassin se distingue comme un choix incontournable pour celles qui recherchent une tenue \u00e0 la fois luxueuse et intemporelle.<\/p>\n<p>&nbsp;<\/p>\n[wa-order]\n","protected":false},"featured_media":4147,"comment_status":"open","ping_status":"closed","template":"","meta":[],"product_brand":[],"product_cat":[107,16],"product_tag":[116,117,20,109],"class_list":{"0":"post-4942","1":"product","2":"type-product","3":"status-publish","4":"has-post-thumbnail","6":"product_cat-takchita","7":"product_cat-pret-a-porter","8":"product_tag-alia","9":"product_tag-heritage","10":"product_tag-mautassin","11":"product_tag-takchita","12":"product_shipping_class-us","14":"first","15":"instock","16":"taxable","17":"shipping-taxable","18":"purchasable","19":"product-type-simple"},"_links":{"self":[{"href":"https:\/\/mautassin.com\/en\/wp-json\/wp\/v2\/product\/4942","targetHints":{"allow":["GET"]}}],"collection":[{"href":"https:\/\/mautassin.com\/en\/wp-json\/wp\/v2\/product"}],"about":[{"href":"https:\/\/mautassin.com\/en\/wp-json\/wp\/v2\/types\/product"}],"replies":[{"embeddable":true,"href":"https:\/\/mautassin.com\/en\/wp-json\/wp\/v2\/comments?post=4942"}],"wp:featuredmedia":[{"embeddable":true,"href":"https:\/\/mautassin.com\/en\/wp-json\/wp\/v2\/media\/4147"}],"wp:attachment":[{"href":"https:\/\/mautassin.com\/en\/wp-json\/wp\/v2\/media?parent=4942"}],"wp:term":[{"taxonomy":"product_brand","embeddable":true,"href":"https:\/\/mautassin.com\/en\/wp-json\/wp\/v2\/product_brand?post=4942"},{"taxonomy":"product_cat","embeddable":true,"href":"https:\/\/mautassin.com\/en\/wp-json\/wp\/v2\/product_cat?post=4942"},{"taxonomy":"product_tag","embeddable":true,"href":"https:\/\/mautassin.com\/en\/wp-json\/wp\/v2\/product_tag?post=4942"}],"curies":[{"name":"wp","href":"https:\/\/api.w.org\/{rel}","templated":true}]}}