{"id":4290,"date":"2024-12-08T10:39:27","date_gmt":"2024-12-08T10:39:27","guid":{"rendered":"https:\/\/www.mautassin.com\/?post_type=product&#038;p=4290"},"modified":"2024-12-08T12:26:23","modified_gmt":"2024-12-08T12:26:23","slug":"gandoura-rawan-2","status":"publish","type":"product","link":"https:\/\/mautassin.com\/en\/product\/gandoura-rawan-2\/","title":{"rendered":"Gandoura Rawan"},"content":{"rendered":"<p><strong>la Gandoura Rawan Mautassin est une pi\u00e8ce incontournable pour toutes les femmes en qu\u00eate de sophistication. Son design raffin\u00e9, associ\u00e9 \u00e0 des mat\u00e9riaux de qualit\u00e9 sup\u00e9rieure, en fait une tenue id\u00e9ale pour les \u00e9v\u00e9nements formels et les c\u00e9l\u00e9brations sp\u00e9ciales.<\/strong><\/p>","protected":false},"excerpt":{"rendered":"<p>La gandoura Rawan incarne l&rsquo;\u00e9l\u00e9gance intemporelle avec son style classique et ses d\u00e9tails d\u00e9licats.<\/p>","protected":false},"featured_media":4286,"comment_status":"open","ping_status":"closed","template":"","meta":[],"product_brand":[],"product_cat":[16],"product_tag":[157,18,20],"class_list":{"0":"post-4290","1":"product","2":"type-product","3":"status-publish","4":"has-post-thumbnail","6":"product_cat-pret-a-porter","7":"product_tag-etoile","8":"product_tag-gandoura","9":"product_tag-mautassin","11":"first","12":"instock","13":"taxable","14":"shipping-taxable","15":"purchasable","16":"product-type-variable","17":"has-default-attributes"},"_links":{"self":[{"href":"https:\/\/mautassin.com\/en\/wp-json\/wp\/v2\/product\/4290","targetHints":{"allow":["GET"]}}],"collection":[{"href":"https:\/\/mautassin.com\/en\/wp-json\/wp\/v2\/product"}],"about":[{"href":"https:\/\/mautassin.com\/en\/wp-json\/wp\/v2\/types\/product"}],"replies":[{"embeddable":true,"href":"https:\/\/mautassin.com\/en\/wp-json\/wp\/v2\/comments?post=4290"}],"wp:featuredmedia":[{"embeddable":true,"href":"https:\/\/mautassin.com\/en\/wp-json\/wp\/v2\/media\/4286"}],"wp:attachment":[{"href":"https:\/\/mautassin.com\/en\/wp-json\/wp\/v2\/media?parent=4290"}],"wp:term":[{"taxonomy":"product_brand","embeddable":true,"href":"https:\/\/mautassin.com\/en\/wp-json\/wp\/v2\/product_brand?post=4290"},{"taxonomy":"product_cat","embeddable":true,"href":"https:\/\/mautassin.com\/en\/wp-json\/wp\/v2\/product_cat?post=4290"},{"taxonomy":"product_tag","embeddable":true,"href":"https:\/\/mautassin.com\/en\/wp-json\/wp\/v2\/product_tag?post=4290"}],"curies":[{"name":"wp","href":"https:\/\/api.w.org\/{rel}","templated":true}]}}