{"id":4264,"date":"2024-12-08T10:35:52","date_gmt":"2024-12-08T10:35:52","guid":{"rendered":"https:\/\/www.mautassin.com\/?post_type=product&#038;p=4264"},"modified":"2024-12-08T12:26:22","modified_gmt":"2024-12-08T12:26:22","slug":"gandoura-mira-2","status":"publish","type":"product","link":"https:\/\/mautassin.com\/en\/product\/gandoura-mira-2\/","title":{"rendered":"Gandoura Mira"},"content":{"rendered":"<p><strong>\u00a0La Gandoura Mira Mautassin est une pi\u00e8ce intemporelle qui allie tradition et style. Fabriqu\u00e9e avec soin \u00e0 partir de tissus de qualit\u00e9 sup\u00e9rieure, elle est orn\u00e9e de broderies exquises et de d\u00e9tails sophistiqu\u00e9s. Parfaite pour les occasions sp\u00e9ciales, cette Gandoura est con\u00e7ue pour sublimer la silhouette f\u00e9minine et capturer l&rsquo;essence de l&rsquo;\u00e9l\u00e9gance orientale.<\/strong><\/p>","protected":false},"excerpt":{"rendered":"<p>La gandoura Mira allie modernit\u00e9 et tradition avec ses d\u00e9tails contemporains et sa silhouette classique.<\/p>","protected":false},"featured_media":4261,"comment_status":"open","ping_status":"closed","template":"","meta":[],"product_brand":[],"product_cat":[16],"product_tag":[152,18,20],"class_list":{"0":"post-4264","1":"product","2":"type-product","3":"status-publish","4":"has-post-thumbnail","6":"product_cat-pret-a-porter","7":"product_tag-azur","8":"product_tag-gandoura","9":"product_tag-mautassin","11":"first","12":"instock","13":"taxable","14":"shipping-taxable","15":"purchasable","16":"product-type-variable","17":"has-default-attributes"},"_links":{"self":[{"href":"https:\/\/mautassin.com\/en\/wp-json\/wp\/v2\/product\/4264","targetHints":{"allow":["GET"]}}],"collection":[{"href":"https:\/\/mautassin.com\/en\/wp-json\/wp\/v2\/product"}],"about":[{"href":"https:\/\/mautassin.com\/en\/wp-json\/wp\/v2\/types\/product"}],"replies":[{"embeddable":true,"href":"https:\/\/mautassin.com\/en\/wp-json\/wp\/v2\/comments?post=4264"}],"wp:featuredmedia":[{"embeddable":true,"href":"https:\/\/mautassin.com\/en\/wp-json\/wp\/v2\/media\/4261"}],"wp:attachment":[{"href":"https:\/\/mautassin.com\/en\/wp-json\/wp\/v2\/media?parent=4264"}],"wp:term":[{"taxonomy":"product_brand","embeddable":true,"href":"https:\/\/mautassin.com\/en\/wp-json\/wp\/v2\/product_brand?post=4264"},{"taxonomy":"product_cat","embeddable":true,"href":"https:\/\/mautassin.com\/en\/wp-json\/wp\/v2\/product_cat?post=4264"},{"taxonomy":"product_tag","embeddable":true,"href":"https:\/\/mautassin.com\/en\/wp-json\/wp\/v2\/product_tag?post=4264"}],"curies":[{"name":"wp","href":"https:\/\/api.w.org\/{rel}","templated":true}]}}