{"id":4109,"date":"2024-12-08T10:12:34","date_gmt":"2024-12-08T10:12:34","guid":{"rendered":"https:\/\/www.mautassin.com\/?post_type=product&#038;p=4109"},"modified":"2025-06-26T17:47:25","modified_gmt":"2025-06-26T16:47:25","slug":"takchita-soraya-tradition-modernite-rose","status":"publish","type":"product","link":"https:\/\/mautassin.com\/en\/product\/takchita-soraya-tradition-modernite-rose\/","title":{"rendered":"Takchita Soraya \u2013 Tradition and Modernity in Pink for a Sophisticated Bride"},"content":{"rendered":"","protected":false},"excerpt":{"rendered":"<p>La Takchita Soraya, une cr\u00e9ation unique sign\u00e9e Mautassin Haute Couture, incarne l\u2019harmonie parfaite entre tradition marocaine et modernit\u00e9. Confectionn\u00e9e \u00e0 la main avec des broderies minutieuses et orn\u00e9e de cristaux Swarovski, cette tenue rose \u00e9l\u00e9gante est con\u00e7ue pour sublimer la mari\u00e9e lors de son jour sp\u00e9cial. Avec son design sophistiqu\u00e9 et ses d\u00e9tails raffin\u00e9s, la Takchita Soraya refl\u00e8te un savoir-faire artisanal d\u2019exception. Parfaite pour une mari\u00e9e en qu\u00eate d\u2019\u00e9l\u00e9gance intemporelle, elle apporte une touche de charme et de luxe \u00e0 chaque occasion.<\/p>\n<p>&nbsp;<\/p>\n[wa-order]\n","protected":false},"featured_media":4191,"comment_status":"open","ping_status":"closed","template":"","meta":[],"product_brand":[],"product_cat":[130,128],"product_tag":[20,131,132,109],"class_list":{"0":"post-4109","1":"product","2":"type-product","3":"status-publish","4":"has-post-thumbnail","6":"product_cat-collection-takchita-belqees-haute-couture","7":"product_cat-haute-couture","8":"product_tag-mautassin","9":"product_tag-passion","10":"product_tag-soraya","11":"product_tag-takchita","13":"first","14":"instock","15":"taxable","16":"shipping-taxable","17":"purchasable","18":"product-type-simple"},"_links":{"self":[{"href":"https:\/\/mautassin.com\/en\/wp-json\/wp\/v2\/product\/4109","targetHints":{"allow":["GET"]}}],"collection":[{"href":"https:\/\/mautassin.com\/en\/wp-json\/wp\/v2\/product"}],"about":[{"href":"https:\/\/mautassin.com\/en\/wp-json\/wp\/v2\/types\/product"}],"replies":[{"embeddable":true,"href":"https:\/\/mautassin.com\/en\/wp-json\/wp\/v2\/comments?post=4109"}],"wp:featuredmedia":[{"embeddable":true,"href":"https:\/\/mautassin.com\/en\/wp-json\/wp\/v2\/media\/4191"}],"wp:attachment":[{"href":"https:\/\/mautassin.com\/en\/wp-json\/wp\/v2\/media?parent=4109"}],"wp:term":[{"taxonomy":"product_brand","embeddable":true,"href":"https:\/\/mautassin.com\/en\/wp-json\/wp\/v2\/product_brand?post=4109"},{"taxonomy":"product_cat","embeddable":true,"href":"https:\/\/mautassin.com\/en\/wp-json\/wp\/v2\/product_cat?post=4109"},{"taxonomy":"product_tag","embeddable":true,"href":"https:\/\/mautassin.com\/en\/wp-json\/wp\/v2\/product_tag?post=4109"}],"curies":[{"name":"wp","href":"https:\/\/api.w.org\/{rel}","templated":true}]}}