{"id":4105,"date":"2024-12-08T10:12:34","date_gmt":"2024-12-08T10:12:34","guid":{"rendered":"https:\/\/www.mautassin.com\/?post_type=product&#038;p=4105"},"modified":"2025-05-28T23:22:13","modified_gmt":"2025-05-28T22:22:13","slug":"takchita-samar-subtile-en-beige-mineral","status":"publish","type":"product","link":"https:\/\/mautassin.com\/en\/product\/takchita-samar-subtile-en-beige-mineral\/","title":{"rendered":"Takchita Samar Mautassin \u2013 Subtle Elegance in Mineral Beige"},"content":{"rendered":"","protected":false},"excerpt":{"rendered":"<p><span data-sheets-root=\"1\">La Takchita Samar Mautassin, dans une teinte beige min\u00e9ral apaisante, est une incarnation de l\u2019\u00e9l\u00e9gance et du luxe discrets. Chaque d\u00e9tail de cette takchita est soigneusement con\u00e7u pour refl\u00e9ter un savoir-faire artisanal in\u00e9gal\u00e9. Les broderies fines, r\u00e9alis\u00e9es \u00e0 la main, se m\u00ealent harmonieusement aux touches subtiles de perlage scintillant, conf\u00e9rant \u00e0 cette pi\u00e8ce une aura de raffinement et de modernit\u00e9.<\/span><\/p>\n<p>Fabriqu\u00e9e dans un tissu en cr\u00eape l\u00e9ger, cette robe offre une coupe fluide et gracieuse, mettant en valeur la silhouette avec une simplicit\u00e9 sophistiqu\u00e9e. Son design minimaliste et ses finitions impeccables en font un choix id\u00e9al pour des \u00e9v\u00e9nements tels que des r\u00e9ceptions intimes, des soir\u00e9es de gala, ou encore des c\u00e9r\u00e9monies \u00e9l\u00e9gantes. La Takchita Samar est plus qu&rsquo;une robe : elle est une d\u00e9claration de style intemporel, parfaite pour celles qui recherchent une \u00e9l\u00e9gance subtile et un confort irr\u00e9prochable. Avec Mautassin, laissez-vous s\u00e9duire par une haute couture marocaine qui allie tradition et modernit\u00e9.<\/p>\n<p>&nbsp;<\/p>\n[wa-order]\n","protected":false},"featured_media":4172,"comment_status":"open","ping_status":"closed","template":"","meta":[],"product_brand":[],"product_cat":[107,16],"product_tag":[20,124,109],"class_list":{"0":"post-4105","1":"product","2":"type-product","3":"status-publish","4":"has-post-thumbnail","6":"product_cat-takchita","7":"product_cat-pret-a-porter","8":"product_tag-mautassin","9":"product_tag-noble","10":"product_tag-takchita","11":"product_shipping_class-us","13":"first","14":"instock","15":"taxable","16":"shipping-taxable","17":"purchasable","18":"product-type-simple"},"_links":{"self":[{"href":"https:\/\/mautassin.com\/en\/wp-json\/wp\/v2\/product\/4105","targetHints":{"allow":["GET"]}}],"collection":[{"href":"https:\/\/mautassin.com\/en\/wp-json\/wp\/v2\/product"}],"about":[{"href":"https:\/\/mautassin.com\/en\/wp-json\/wp\/v2\/types\/product"}],"replies":[{"embeddable":true,"href":"https:\/\/mautassin.com\/en\/wp-json\/wp\/v2\/comments?post=4105"}],"wp:featuredmedia":[{"embeddable":true,"href":"https:\/\/mautassin.com\/en\/wp-json\/wp\/v2\/media\/4172"}],"wp:attachment":[{"href":"https:\/\/mautassin.com\/en\/wp-json\/wp\/v2\/media?parent=4105"}],"wp:term":[{"taxonomy":"product_brand","embeddable":true,"href":"https:\/\/mautassin.com\/en\/wp-json\/wp\/v2\/product_brand?post=4105"},{"taxonomy":"product_cat","embeddable":true,"href":"https:\/\/mautassin.com\/en\/wp-json\/wp\/v2\/product_cat?post=4105"},{"taxonomy":"product_tag","embeddable":true,"href":"https:\/\/mautassin.com\/en\/wp-json\/wp\/v2\/product_tag?post=4105"}],"curies":[{"name":"wp","href":"https:\/\/api.w.org\/{rel}","templated":true}]}}