{"id":4097,"date":"2024-12-08T10:11:32","date_gmt":"2024-12-08T10:11:32","guid":{"rendered":"https:\/\/www.mautassin.com\/?post_type=product&#038;p=4097"},"modified":"2025-06-26T18:39:17","modified_gmt":"2025-06-26T17:39:17","slug":"takchita-amal-artisanale-en-vert-bouteille","status":"publish","type":"product","link":"https:\/\/mautassin.com\/en\/product\/takchita-amal-artisanale-en-vert-bouteille\/","title":{"rendered":"Takchita Amal Mautassin \u2013 Artisanal Elegance in Bottle Green"},"content":{"rendered":"","protected":false},"excerpt":{"rendered":"<p><span data-sheets-root=\"1\">La Takchita Amal Mautassin, dans une teinte profonde de vert bouteille, est une v\u00e9ritable \u0153uvre d\u2019art qui refl\u00e8te la richesse de l\u2019artisanat marocain. Chaque \u00e9l\u00e9ment de cette robe est une ode au savoir-faire traditionnel : le travail maalem, finement ex\u00e9cut\u00e9, d\u00e9voile des motifs \u00e9l\u00e9gants et authentiques qui captivent par leur d\u00e9tail et leur pr\u00e9cision. Fabriqu\u00e9e \u00e0 partir de cr\u00eape de qualit\u00e9 sup\u00e9rieure, cette takchita combine un tissu fluide et l\u00e9ger \u00e0 une allure majestueuse, parfaite pour des occasions sp\u00e9ciales et des \u00e9v\u00e9nements formels.<\/span><\/p>\n<p>Son design intemporel et ses ornements raffin\u00e9s en font une pi\u00e8ce parfaite pour les femmes qui souhaitent incarner \u00e0 la fois la tradition et l\u2019\u00e9l\u00e9gance contemporaine. Que ce soit pour un mariage, une r\u00e9ception ou une soir\u00e9e festive, la Takchita Amal Mautassin garantit un look sophistiqu\u00e9 qui ne passera pas inaper\u00e7u. Optez pour cette robe artisanale pour c\u00e9l\u00e9brer l&rsquo;h\u00e9ritage marocain tout en restant r\u00e9solument moderne.<\/p>\n[wa-order]\n","protected":false},"featured_media":4163,"comment_status":"open","ping_status":"closed","template":"","meta":[],"product_brand":[],"product_cat":[16,107],"product_tag":[120,20,121,109],"class_list":{"0":"post-4097","1":"product","2":"type-product","3":"status-publish","4":"has-post-thumbnail","6":"product_cat-pret-a-porter","7":"product_cat-takchita","8":"product_tag-amal","9":"product_tag-mautassin","10":"product_tag-opulence","11":"product_tag-takchita","13":"first","14":"instock","15":"taxable","16":"shipping-taxable","17":"purchasable","18":"product-type-simple"},"_links":{"self":[{"href":"https:\/\/mautassin.com\/en\/wp-json\/wp\/v2\/product\/4097","targetHints":{"allow":["GET"]}}],"collection":[{"href":"https:\/\/mautassin.com\/en\/wp-json\/wp\/v2\/product"}],"about":[{"href":"https:\/\/mautassin.com\/en\/wp-json\/wp\/v2\/types\/product"}],"replies":[{"embeddable":true,"href":"https:\/\/mautassin.com\/en\/wp-json\/wp\/v2\/comments?post=4097"}],"wp:featuredmedia":[{"embeddable":true,"href":"https:\/\/mautassin.com\/en\/wp-json\/wp\/v2\/media\/4163"}],"wp:attachment":[{"href":"https:\/\/mautassin.com\/en\/wp-json\/wp\/v2\/media?parent=4097"}],"wp:term":[{"taxonomy":"product_brand","embeddable":true,"href":"https:\/\/mautassin.com\/en\/wp-json\/wp\/v2\/product_brand?post=4097"},{"taxonomy":"product_cat","embeddable":true,"href":"https:\/\/mautassin.com\/en\/wp-json\/wp\/v2\/product_cat?post=4097"},{"taxonomy":"product_tag","embeddable":true,"href":"https:\/\/mautassin.com\/en\/wp-json\/wp\/v2\/product_tag?post=4097"}],"curies":[{"name":"wp","href":"https:\/\/api.w.org\/{rel}","templated":true}]}}