{"id":6758,"date":"2024-12-08T20:40:39","date_gmt":"2024-12-08T20:40:39","guid":{"rendered":"https:\/\/www.mautassin.com\/?page_id=6758"},"modified":"2025-07-15T12:36:12","modified_gmt":"2025-07-15T11:36:12","slug":"faq-mautassin","status":"publish","type":"page","link":"https:\/\/mautassin.com\/en\/faq-mautassin\/","title":{"rendered":"Mautassin FAQ"},"content":{"rendered":"<h4 style=\"text-align: left;\">Bienvenue sur la FAQ de Mautassin<\/h4>\n\n\n<div id=\"wd-9e69f43e\" class=\"wp-block-wd-toggle wd-toggle wd-state-closed-lg wd-state-closed-md-sm wd-state-closed-sm wd-icon-rotate\">\n<div id=\"wd-88463e4c\" class=\"wp-block-wd-container wd-dir-row wd-toggle-head wd-custom-width\">\n<h2 id=\"wd-19909001\" class=\"wp-block-wd-title title wd-align\">COMMENT PUIS-JE ACHETER UN CAFTAN OU UNE DJELLABA SUR LE SITE MAUTASSIN ?<\/h2>\n\n\n\n<div id=\"wd-ac1fd292\" class=\"wp-block-wd-icon wd-toggle-icon\"><svg xmlns=\"http:\/\/www.w3.org\/2000\/svg \" width=\"64\" height=\"64\" viewbox=\"0 0 64 64\" aria-hidden=\"true\"><path d=\"M59.7678 20.7678C60.2551 20.2804 60.4992 19.6419 60.5 19.0031C60.5008 18.3623 60.2567 17.7212 59.7678 17.2322C59.2796 16.7441 58.6398 16.5 58 16.5C57.3602 16.5 56.7204 16.7441 56.2322 17.2322L32 41.4645L7.76777 17.2322C7.27961 16.7441 6.63981 16.5 6 16.5C5.36019 16.5 4.72039 16.7441 4.23223 17.2322C3.74408 17.7204 3.5 18.3602 3.5 19C3.5 19.6398 3.74408 20.2796 4.23223 20.7678L30.2322 46.7678C30.7204 47.2559 31.3602 47.5 32 47.5C32.6398 47.5 33.2796 47.2559 33.7678 46.7678L59.7678 20.7678Z\"><\/path><\/svg><\/div>\n<\/div>\n\n\n\n<div id=\"wd-117ba244\" class=\"wp-block-wd-toggle-content wd-toggle-content\"><div class=\"wd-toggle-content-inner\">\n<p id=\"wd-e10441fb\" class=\"wp-block-wd-paragraph wd-align wd-custom-width\"><strong>Acheter sur Mautassin en quelques \u00e9tapes :<\/strong><\/p>\n\n\n\n<p><strong>Confirmation et suivi<\/strong>&nbsp;: Recevez un email de confirmation. Notre \u00e9quipe pr\u00e9parera et v\u00e9rifiera les d\u00e9tails de votre commande.<\/p>\n\n\n\n<p><strong>S\u00e9lection de produits<\/strong>&nbsp;: Explorez notre&nbsp;<strong><a>Online store<\/a><\/strong>&nbsp;pour une vari\u00e9t\u00e9 de caftans marocains et djellabas. Utilisez nos filtres pour trouver ce que vous cherchez.<\/p>\n\n\n\n<p><strong>Choix des mesures<\/strong>&nbsp;: S\u00e9lectionnez vos mesures avant d\u2019ajouter un article au panier pour garantir l\u2019ajustement parfait.<\/p>\n\n\n\n<p><strong>Ajout au panier<\/strong>&nbsp;: Cliquez sur \u00ab Ajouter au panier \u00bb apr\u00e8s avoir choisi vos mesures.<\/p>\n\n\n\n<p><strong>Finalisation de la commande<\/strong>&nbsp;: Cliquez sur \u00ab Commander \u00bb, compl\u00e9tez vos informations de paiement et confirmez votre commande.<\/p>\n<\/div><\/div>\n<\/div>\n\n\n\n<div id=\"wd-7da6160e\" class=\"wp-block-wd-toggle wd-toggle wd-state-closed-lg wd-state-closed-md-sm wd-state-closed-sm wd-icon-rotate\">\n<div id=\"wd-1c014c7a\" class=\"wp-block-wd-container wd-dir-row wd-toggle-head wd-custom-width\">\n<h2 id=\"wd-f053777f\" class=\"wp-block-wd-title title wd-custom-width\">PEUT-ON RETOUCHER OU PERSONNALISER L&rsquo;ARTICLE CHOISI SUR MAUTASSIN ?<\/h2>\n\n\n\n<div id=\"wd-582c6035\" class=\"wp-block-wd-icon wd-toggle-icon\"><svg xmlns=\"http:\/\/www.w3.org\/2000\/svg \" width=\"64\" height=\"64\" viewbox=\"0 0 64 64\" aria-hidden=\"true\"><path d=\"M59.7678 20.7678C60.2551 20.2804 60.4992 19.6419 60.5 19.0031C60.5008 18.3623 60.2567 17.7212 59.7678 17.2322C59.2796 16.7441 58.6398 16.5 58 16.5C57.3602 16.5 56.7204 16.7441 56.2322 17.2322L32 41.4645L7.76777 17.2322C7.27961 16.7441 6.63981 16.5 6 16.5C5.36019 16.5 4.72039 16.7441 4.23223 17.2322C3.74408 17.7204 3.5 18.3602 3.5 19C3.5 19.6398 3.74408 20.2796 4.23223 20.7678L30.2322 46.7678C30.7204 47.2559 31.3602 47.5 32 47.5C32.6398 47.5 33.2796 47.2559 33.7678 46.7678L59.7678 20.7678Z\"><\/path><\/svg><\/div>\n<\/div>\n\n\n\n<div id=\"wd-2f24e1a2\" class=\"wp-block-wd-toggle-content wd-toggle-content\"><div class=\"wd-toggle-content-inner\">\n<p id=\"wd-0ca12459\" class=\"wp-block-wd-paragraph\"><strong>Services de retouche chez Mautassin :<\/strong><\/p>\n\n\n\n<p id=\"wd-530dbea9\" class=\"wp-block-wd-paragraph\"><strong>Adaptation aux Mensurations<\/strong>&nbsp;: Nous offrons les retouches gratuitement pour ajuster vos articles \u00e0 vos mesures sp\u00e9cifiques, garantissant ainsi un ajustement parfait sans frais additionnels.<\/p>\n\n\n\n<p id=\"wd-b199188e\" class=\"wp-block-wd-paragraph\"><strong>Personnalisation de l\u2019Article<\/strong>&nbsp;: Si vous souhaitez ajouter une touche unique \u00e0 votre article pr\u00e9f\u00e9r\u00e9 avec des pierres, des broderies, ou toute autre modification. Contactez-nous par t\u00e9l\u00e9phone ou WhatsApp au +212661723891 pour discuter de vos options et obtenir un devis.<\/p>\n<\/div><\/div>\n<\/div>\n\n\n\n<div id=\"wd-c77ebdf0\" class=\"wp-block-wd-toggle wd-toggle wd-state-closed-lg wd-state-closed-md-sm wd-state-closed-sm wd-icon-rotate\">\n<div id=\"wd-e5251703\" class=\"wp-block-wd-container wd-dir-row wd-toggle-head wd-custom-width\">\n<h2 id=\"wd-bd13735c\" class=\"wp-block-wd-title title\">COMMENT PRENDRE LES MESURES POUR UN CAFTAN OU UNE DJELLABA CHEZ MAUTASSIN ?<\/h2>\n\n\n\n<div id=\"wd-e18e1941\" class=\"wp-block-wd-icon wd-toggle-icon\"><svg xmlns=\"http:\/\/www.w3.org\/2000\/svg \" width=\"64\" height=\"64\" viewbox=\"0 0 64 64\" aria-hidden=\"true\"><path d=\"M59.7678 20.7678C60.2551 20.2804 60.4992 19.6419 60.5 19.0031C60.5008 18.3623 60.2567 17.7212 59.7678 17.2322C59.2796 16.7441 58.6398 16.5 58 16.5C57.3602 16.5 56.7204 16.7441 56.2322 17.2322L32 41.4645L7.76777 17.2322C7.27961 16.7441 6.63981 16.5 6 16.5C5.36019 16.5 4.72039 16.7441 4.23223 17.2322C3.74408 17.7204 3.5 18.3602 3.5 19C3.5 19.6398 3.74408 20.2796 4.23223 20.7678L30.2322 46.7678C30.7204 47.2559 31.3602 47.5 32 47.5C32.6398 47.5 33.2796 47.2559 33.7678 46.7678L59.7678 20.7678Z\"><\/path><\/svg><\/div>\n<\/div>\n\n\n\n<div id=\"wd-5a39b849\" class=\"wp-block-wd-toggle-content wd-toggle-content\"><div class=\"wd-toggle-content-inner\">\n<ul class=\"wp-block-list\">\n<li><strong>Length<\/strong>&nbsp;: Portez des chaussures \u00e0 talons. Mesurez de l\u2019\u00e9paule \u00e0 la pointe des talons pour d\u00e9terminer la longueur de votre robe ou caftan.<\/li>\n\n\n\n<li><strong>\u00c9paules<\/strong>&nbsp;: Mesurez la largeur de vos \u00e9paules d\u2019un bord \u00e0 l\u2019autre \u00e0 l\u2019arri\u00e8re.<\/li>\n\n\n\n<li><strong>Manches<\/strong>&nbsp;: Mesurez du bord de l\u2019\u00e9paule au poignet pour la longueur des manches.<\/li>\n\n\n\n<li><strong>Tour de poitrine<\/strong>&nbsp;: Mesurez le contour de votre buste au niveau du soutien-gorge pour obtenir la circonf\u00e9rence exacte.<\/li>\n\n\n\n<li><strong>Tour de taille<\/strong>&nbsp;: Utilisez un m\u00e8tre ruban autour de votre taille, au niveau du nombril.<\/li>\n\n\n\n<li><strong>Tour des hanches<\/strong>&nbsp;: Mesurez la partie la plus large de vos hanches, en dessous de la ceinture.<\/li>\n<\/ul>\n\n\n\n<p>Ces \u00e9tapes vous aideront \u00e0 assurer un ajustement parfait pour votre tenue Mautassin.<\/p>\n<\/div><\/div>\n<\/div>\n\n\n\n<div id=\"wd-ebf7d62f\" class=\"wp-block-wd-toggle wd-toggle wd-state-closed-lg wd-state-closed-md-sm wd-state-closed-sm wd-icon-rotate wd-custom-width\">\n<div id=\"wd-dcf11f2e\" class=\"wp-block-wd-container wd-dir-row wd-toggle-head wd-custom-width\">\n<h2 id=\"wd-c5146b6c\" class=\"wp-block-wd-title title\">QUELS SONT LES MOYENS DE PAIEMENT ACCEPT\u00c9S SUR MAUTASSIN ?<\/h2>\n\n\n\n<div id=\"wd-b9e86bce\" class=\"wp-block-wd-icon wd-toggle-icon\"><svg xmlns=\"http:\/\/www.w3.org\/2000\/svg \" width=\"64\" height=\"64\" viewbox=\"0 0 64 64\" aria-hidden=\"true\"><path d=\"M59.7678 20.7678C60.2551 20.2804 60.4992 19.6419 60.5 19.0031C60.5008 18.3623 60.2567 17.7212 59.7678 17.2322C59.2796 16.7441 58.6398 16.5 58 16.5C57.3602 16.5 56.7204 16.7441 56.2322 17.2322L32 41.4645L7.76777 17.2322C7.27961 16.7441 6.63981 16.5 6 16.5C5.36019 16.5 4.72039 16.7441 4.23223 17.2322C3.74408 17.7204 3.5 18.3602 3.5 19C3.5 19.6398 3.74408 20.2796 4.23223 20.7678L30.2322 46.7678C30.7204 47.2559 31.3602 47.5 32 47.5C32.6398 47.5 33.2796 47.2559 33.7678 46.7678L59.7678 20.7678Z\"><\/path><\/svg><\/div>\n<\/div>\n\n\n\n<div id=\"wd-7998ba14\" class=\"wp-block-wd-toggle-content wd-toggle-content\"><div class=\"wd-toggle-content-inner\">\n<p id=\"wd-435199ec\" class=\"wp-block-wd-paragraph\">Nous acceptons les principales cartes bancaires, y compris Mastercard et Visa, pour faciliter vos achats. Cette option assure des transactions s\u00e9curis\u00e9es et rapides, que vous soyez au Maroc ou \u00e0 l\u2019international.Chez Mautassin, nous nous engageons \u00e0 offrir une exp\u00e9rience d\u2019achat s\u00e9curis\u00e9e et pratique, adapt\u00e9e \u00e0 nos clients du monde entier.<\/p>\n<\/div><\/div>\n<\/div>\n\n\n\n<div id=\"wd-8cb0dbe4\" class=\"wp-block-wd-toggle wd-toggle wd-state-closed-lg wd-state-closed-md-sm wd-state-closed-sm wd-icon-rotate\">\n<div id=\"wd-0c1fdb0d\" class=\"wp-block-wd-container wd-dir-row wd-toggle-head wd-custom-width\">\n<h2 id=\"wd-6899fe73\" class=\"wp-block-wd-title title\">COMBIEN DE TEMPS PREND LA LIVRAISON ?<\/h2>\n\n\n\n<div id=\"wd-d5c43eae\" class=\"wp-block-wd-icon wd-toggle-icon\"><svg xmlns=\"http:\/\/www.w3.org\/2000\/svg \" width=\"64\" height=\"64\" viewbox=\"0 0 64 64\" aria-hidden=\"true\"><path d=\"M59.7678 20.7678C60.2551 20.2804 60.4992 19.6419 60.5 19.0031C60.5008 18.3623 60.2567 17.7212 59.7678 17.2322C59.2796 16.7441 58.6398 16.5 58 16.5C57.3602 16.5 56.7204 16.7441 56.2322 17.2322L32 41.4645L7.76777 17.2322C7.27961 16.7441 6.63981 16.5 6 16.5C5.36019 16.5 4.72039 16.7441 4.23223 17.2322C3.74408 17.7204 3.5 18.3602 3.5 19C3.5 19.6398 3.74408 20.2796 4.23223 20.7678L30.2322 46.7678C30.7204 47.2559 31.3602 47.5 32 47.5C32.6398 47.5 33.2796 47.2559 33.7678 46.7678L59.7678 20.7678Z\"><\/path><\/svg><\/div>\n<\/div>\n\n\n\n<div id=\"wd-dea6a8bf\" class=\"wp-block-wd-toggle-content wd-toggle-content\"><div class=\"wd-toggle-content-inner\">\n<ul class=\"wp-block-list\">\n<li><strong>D\u00e9lais de livraison chez Mautassin :<\/strong>\n<ul class=\"wp-block-list\">\n<li><strong>Livraison au Maroc :<\/strong>&nbsp;La livraison au Maroc est gratuite et prend g\u00e9n\u00e9ralement entre 24 et 48 heures ouvr\u00e9es.<\/li>\n\n\n\n<li><strong>Livraison Internationale :<\/strong>&nbsp;Mautassin s\u2019appuie sur son partenaire Fedex et les frais de livraison sont offerts pour tout achat d\u00e9passant 1000 dollars, la livraison internationale prend entre 2 et 4 jours ouvr\u00e9s.<br>\u2022La livraison peut \u00eatre tr\u00e8s rapide en cas de disponibilit\u00e9 du produit.<br>\u2022Pour les articles en rupture de stock, ou sur commande sp\u00e9ciale, il est \u00e0 pr\u00e9ciser que le d\u00e9lai moyen de production est de 20 jours.<br>Nous vous tiendrons inform\u00e9s du statut de votre commande dans tous les cas.<br>Pour toute question, contactez notre service client au +212661723891.<\/li>\n<\/ul>\n<\/li>\n<\/ul>\n<\/div><\/div>\n<\/div>\n\n\n\n<div id=\"wd-e8b8ba81\" class=\"wp-block-wd-toggle wd-toggle wd-state-closed-lg wd-state-closed-md-sm wd-state-closed-sm wd-icon-rotate\">\n<div id=\"wd-ffcc17b3\" class=\"wp-block-wd-container wd-dir-row wd-toggle-head wd-custom-width\">\n<h2 id=\"wd-9c8e3c09\" class=\"wp-block-wd-title title\">PEUT-ON RETOURNER L&rsquo;ARTICLE ACHET\u00c9 CHEZ MAUTASSIN ?<\/h2>\n\n\n\n<div id=\"wd-b7b0ebe4\" class=\"wp-block-wd-icon wd-toggle-icon\"><svg xmlns=\"http:\/\/www.w3.org\/2000\/svg \" width=\"64\" height=\"64\" viewbox=\"0 0 64 64\" aria-hidden=\"true\"><path d=\"M59.7678 20.7678C60.2551 20.2804 60.4992 19.6419 60.5 19.0031C60.5008 18.3623 60.2567 17.7212 59.7678 17.2322C59.2796 16.7441 58.6398 16.5 58 16.5C57.3602 16.5 56.7204 16.7441 56.2322 17.2322L32 41.4645L7.76777 17.2322C7.27961 16.7441 6.63981 16.5 6 16.5C5.36019 16.5 4.72039 16.7441 4.23223 17.2322C3.74408 17.7204 3.5 18.3602 3.5 19C3.5 19.6398 3.74408 20.2796 4.23223 20.7678L30.2322 46.7678C30.7204 47.2559 31.3602 47.5 32 47.5C32.6398 47.5 33.2796 47.2559 33.7678 46.7678L59.7678 20.7678Z\"><\/path><\/svg><\/div>\n<\/div>\n\n\n\n<div id=\"wd-0e6c8d5c\" class=\"wp-block-wd-toggle-content wd-toggle-content\"><div class=\"wd-toggle-content-inner\">\n<p id=\"wd-034c31c7\" class=\"wp-block-wd-paragraph\"><\/p>\n\n\n\n<ul class=\"wp-block-list\">\n<li>Vous pouvez retourner tout article dans les 7 jours suivant sa r\u00e9ception, sauf si il a \u00e9t\u00e9 objet de retouche ou de personnalisation.<strong>Conditions de retour :<\/strong>\n<ul class=\"wp-block-list\">\n<li>Si vous souhaitez retourner votre article, informez-nous dans les 24 heures suivant sa r\u00e9ception.<\/li>\n\n\n\n<li>Le produit doit \u00eatre retourn\u00e9 dans son \u00e9tat d\u2019origine, avec tous les accessoires et emballages.<\/li>\n\n\n\n<li>L\u2019\u00e9change se fait pour un autre mod\u00e8le ou couleur, sous les m\u00eames conditions.<\/li>\n<\/ul>\n<\/li>\n<\/ul>\n<\/div><\/div>\n<\/div>\n\n\n\n<div id=\"wd-259205fe\" class=\"wp-block-wd-toggle wd-toggle wd-state-closed-lg wd-state-closed-md-sm wd-state-closed-sm wd-icon-rotate\">\n<div id=\"wd-cf964578\" class=\"wp-block-wd-container wd-dir-row wd-toggle-head wd-custom-width\">\n<h2 id=\"wd-186bee32\" class=\"wp-block-wd-title title\">FAITES-VOUS DU SUR-MESURE CHEZ MAUTASSIN ?<\/h2>\n\n\n\n<div id=\"wd-354a2d09\" class=\"wp-block-wd-icon wd-toggle-icon\"><svg xmlns=\"http:\/\/www.w3.org\/2000\/svg \" width=\"64\" height=\"64\" viewbox=\"0 0 64 64\" aria-hidden=\"true\"><path d=\"M59.7678 20.7678C60.2551 20.2804 60.4992 19.6419 60.5 19.0031C60.5008 18.3623 60.2567 17.7212 59.7678 17.2322C59.2796 16.7441 58.6398 16.5 58 16.5C57.3602 16.5 56.7204 16.7441 56.2322 17.2322L32 41.4645L7.76777 17.2322C7.27961 16.7441 6.63981 16.5 6 16.5C5.36019 16.5 4.72039 16.7441 4.23223 17.2322C3.74408 17.7204 3.5 18.3602 3.5 19C3.5 19.6398 3.74408 20.2796 4.23223 20.7678L30.2322 46.7678C30.7204 47.2559 31.3602 47.5 32 47.5C32.6398 47.5 33.2796 47.2559 33.7678 46.7678L59.7678 20.7678Z\"><\/path><\/svg><\/div>\n<\/div>\n\n\n\n<div id=\"wd-7c880054\" class=\"wp-block-wd-toggle-content wd-toggle-content\"><div class=\"wd-toggle-content-inner\">\n<p id=\"wd-f05a38ee\" class=\"wp-block-wd-paragraph\">Chez Mautassin, nous sommes ravis de vous proposer des services de confection sur mesure pour caftans, djellabas, et toute autre tenue traditionnelle, adapt\u00e9s \u00e0 vos besoins de style et de coupe.<\/p>\n\n\n\n<p id=\"wd-6f1fc76a\" class=\"wp-block-wd-paragraph\"><strong>Pour cr\u00e9er votre tenue personnalis\u00e9e :<\/strong><\/p>\n\n\n\n<p>Nous nous engageons \u00e0 produire des v\u00eatements traditionnels qui non seulement r\u00e9pondent \u00e0 vos attentes de personnalisation mais qui sont \u00e9galement de haute qualit\u00e9 et finition.<\/p>\n\n\n\n<p>Prenez rendez-vous avec nos designers pour peaufiner votre cr\u00e9ation unique.<\/p>\n<\/div><\/div>\n<\/div>\n\n\n\n<p><\/p>","protected":false},"excerpt":{"rendered":"<p>Bienvenue sur la FAQ de Mautassin<\/p>","protected":false},"author":1,"featured_media":0,"parent":0,"menu_order":0,"comment_status":"closed","ping_status":"closed","template":"","meta":{"footnotes":""},"class_list":["post-6758","page","type-page","status-publish","hentry"],"_links":{"self":[{"href":"https:\/\/mautassin.com\/en\/wp-json\/wp\/v2\/pages\/6758","targetHints":{"allow":["GET"]}}],"collection":[{"href":"https:\/\/mautassin.com\/en\/wp-json\/wp\/v2\/pages"}],"about":[{"href":"https:\/\/mautassin.com\/en\/wp-json\/wp\/v2\/types\/page"}],"author":[{"embeddable":true,"href":"https:\/\/mautassin.com\/en\/wp-json\/wp\/v2\/users\/1"}],"replies":[{"embeddable":true,"href":"https:\/\/mautassin.com\/en\/wp-json\/wp\/v2\/comments?post=6758"}],"version-history":[{"count":22,"href":"https:\/\/mautassin.com\/en\/wp-json\/wp\/v2\/pages\/6758\/revisions"}],"predecessor-version":[{"id":35092,"href":"https:\/\/mautassin.com\/en\/wp-json\/wp\/v2\/pages\/6758\/revisions\/35092"}],"wp:attachment":[{"href":"https:\/\/mautassin.com\/en\/wp-json\/wp\/v2\/media?parent=6758"}],"curies":[{"name":"wp","href":"https:\/\/api.w.org\/{rel}","templated":true}]}}