{"id":6723,"date":"2024-12-08T19:58:04","date_gmt":"2024-12-08T19:58:04","guid":{"rendered":"https:\/\/www.mautassin.com\/?page_id=6723"},"modified":"2025-07-11T12:08:09","modified_gmt":"2025-07-11T11:08:09","slug":"a-propos-de-mautassin-caftanhaute-couture","status":"publish","type":"page","link":"https:\/\/mautassin.com\/en\/a-propos-de-mautassin-caftanhaute-couture\/","title":{"rendered":"About Mautassin"},"content":{"rendered":"<div id=\"wd-b461f63f\" class=\"wp-block-wd-container wd-dir-col wd-align\">\n<h2 id=\"wd-01397137\" class=\"wp-block-wd-title title\">Maison Mautassin :<br>Excellence, Authenticity, and Modernity<\/h2>\n\n\n\n<p id=\"wd-fd641b18\" class=\"wp-block-wd-paragraph wd-align translation-block\">Founded in 2012 by Lalla Aicha Mouatassim, Mautassin has established itself as a benchmark in the world of Moroccan caftans and haute couture. Located in the heart of Casablanca, our house symbolizes a successful blend of tradition and avant-gardism. Our creations \u2014 from intricately embroidered caftans to sari-inspired takchitas \u2014 embody sophistication and elegance, while remaining deeply rooted in Moroccan cultural heritage.<\/p>\n<\/div>\n\n\n\n<div id=\"wd-a116b61f\" class=\"wp-block-wd-section\">\n<div id=\"wd-ea9bd6af\" class=\"wp-block-wd-row wd-custom-width\">\n<div id=\"wd-944883d1\" class=\"wp-block-wd-column\">\n<div id=\"wd-8f4daff1\" class=\"wp-block-wd-image wd-block-image\"><img decoding=\"async\" width=\"1024\" height=\"608\" class=\"wp-image-34423 lazyload\" data-src=\"https:\/\/v3.mautassin.com\/wp-content\/uploads\/2025\/07\/GHKDCXJFUHU.webp\" alt=\"\" data-srcset=\"https:\/\/mautassin.com\/wp-content\/uploads\/2025\/07\/GHKDCXJFUHU.webp 1024w, https:\/\/mautassin.com\/wp-content\/uploads\/2025\/07\/GHKDCXJFUHU-400x238.webp 400w, https:\/\/mautassin.com\/wp-content\/uploads\/2025\/07\/GHKDCXJFUHU-768x456.webp 768w, https:\/\/mautassin.com\/wp-content\/uploads\/2025\/07\/GHKDCXJFUHU-18x12.webp 18w, https:\/\/mautassin.com\/wp-content\/uploads\/2025\/07\/GHKDCXJFUHU-430x255.webp 430w, https:\/\/mautassin.com\/wp-content\/uploads\/2025\/07\/GHKDCXJFUHU-700x416.webp 700w, https:\/\/mautassin.com\/wp-content\/uploads\/2025\/07\/GHKDCXJFUHU-150x89.webp 150w\" data-sizes=\"(max-width: 1024px) 100vw, 1024px\" src=\"data:image\/svg+xml;base64,PHN2ZyB3aWR0aD0iMSIgaGVpZ2h0PSIxIiB4bWxucz0iaHR0cDovL3d3dy53My5vcmcvMjAwMC9zdmciPjwvc3ZnPg==\" style=\"--smush-placeholder-width: 1024px; --smush-placeholder-aspect-ratio: 1024\/608;\" \/><\/div>\n<\/div>\n\n\n\n<div id=\"wd-060411f3\" class=\"wp-block-wd-column wd-align\">\n<h2 id=\"wd-10d9c949\" class=\"wp-block-wd-title title\">Mautassin: Philosophy and Design<\/h2>\n\n\n\n<p id=\"wd-081b15de\" class=\"wp-block-wd-paragraph wd-custom-width\">Chez Mautassin, chaque pi\u00e8ce est une c\u00e9l\u00e9bration de l\u2019art de l\u2019\u00e9l\u00e9gance, de l\u2019authenticit\u00e9 et de la modernit\u00e9. Nos designs sont confectionn\u00e9s \u00e0 partir de mat\u00e9riaux de premi\u00e8re qualit\u00e9 et d\u2019un savoir-faire artisanal in\u00e9gal\u00e9. Que ce soit pour une robe marocaine traditionnelle ou un caftan haute couture, Mautassin propose des v\u00eatements qui r\u00e9pondent aux attentes d\u2019une client\u00e8le exigeante, en qu\u00eate d\u2019unicit\u00e9 et de raffinement.<\/p>\n<\/div>\n<\/div>\n<\/div>\n\n\n\n<div id=\"wd-7ad4bcd6\" class=\"wp-block-wd-section\">\n<div id=\"wd-33d2071e\" class=\"wp-block-wd-row wd-custom-width\">\n<div id=\"wd-9e5ec852\" class=\"wp-block-wd-column wd-align\">\n<h2 id=\"wd-019a8c73\" class=\"wp-block-wd-title title\">Our Achievements<\/h2>\n\n\n\n<p id=\"wd-15a8b48a\" class=\"wp-block-wd-paragraph wd-custom-width\">Notre participation remarqu\u00e9e \u00e0 la\u00a0<a href=\"https:\/\/fr.hespress.com\/298504-50e-edition-de-loriental-fashion-show-les-24-et-25-janvier-a-paris.html\" target=\"_blank\" rel=\"noreferrer noopener\"><strong>Paris Fashion Week 2023<\/strong><\/a>\u00a0est un t\u00e9moignage de notre engagement envers l\u2019excellence et l\u2019innovation. Cette reconnaissance internationale refl\u00e8te notre positionnement en tant que leader dans les tendances 2025 de la mode marocaine.<\/p>\n<\/div>\n\n\n\n<div id=\"wd-3a15f33d\" class=\"wp-block-wd-column\">\n<div id=\"wd-9f86a159\" class=\"wp-block-wd-image wd-block-image\"><img decoding=\"async\" width=\"1024\" height=\"576\" class=\"wp-image-34422 lazyload\" data-src=\"https:\/\/v3.mautassin.com\/wp-content\/uploads\/2025\/07\/JHRDSFS.webp\" alt=\"\" data-srcset=\"https:\/\/mautassin.com\/wp-content\/uploads\/2025\/07\/JHRDSFS.webp 1024w, https:\/\/mautassin.com\/wp-content\/uploads\/2025\/07\/JHRDSFS-400x225.webp 400w, https:\/\/mautassin.com\/wp-content\/uploads\/2025\/07\/JHRDSFS-768x432.webp 768w, https:\/\/mautassin.com\/wp-content\/uploads\/2025\/07\/JHRDSFS-18x10.webp 18w, https:\/\/mautassin.com\/wp-content\/uploads\/2025\/07\/JHRDSFS-430x242.webp 430w, https:\/\/mautassin.com\/wp-content\/uploads\/2025\/07\/JHRDSFS-700x394.webp 700w, https:\/\/mautassin.com\/wp-content\/uploads\/2025\/07\/JHRDSFS-150x84.webp 150w\" data-sizes=\"(max-width: 1024px) 100vw, 1024px\" src=\"data:image\/svg+xml;base64,PHN2ZyB3aWR0aD0iMSIgaGVpZ2h0PSIxIiB4bWxucz0iaHR0cDovL3d3dy53My5vcmcvMjAwMC9zdmciPjwvc3ZnPg==\" style=\"--smush-placeholder-width: 1024px; --smush-placeholder-aspect-ratio: 1024\/576;\" \/><\/div>\n<\/div>\n<\/div>\n<\/div>\n\n\n\n<div id=\"wd-210a4e1a\" class=\"wp-block-wd-section\">\n<div id=\"wd-f107e223\" class=\"wp-block-wd-row wd-custom-width\">\n<div id=\"wd-65099c07\" class=\"wp-block-wd-column\">\n<div id=\"wd-7b99b8c0\" class=\"wp-block-wd-image wd-block-image\"><img decoding=\"async\" width=\"1024\" height=\"576\" class=\"wp-image-34421 lazyload\" data-src=\"https:\/\/v3.mautassin.com\/wp-content\/uploads\/2025\/07\/JHGRVF.webp\" alt=\"\" data-srcset=\"https:\/\/mautassin.com\/wp-content\/uploads\/2025\/07\/JHGRVF.webp 1024w, https:\/\/mautassin.com\/wp-content\/uploads\/2025\/07\/JHGRVF-400x225.webp 400w, https:\/\/mautassin.com\/wp-content\/uploads\/2025\/07\/JHGRVF-768x432.webp 768w, https:\/\/mautassin.com\/wp-content\/uploads\/2025\/07\/JHGRVF-18x10.webp 18w, https:\/\/mautassin.com\/wp-content\/uploads\/2025\/07\/JHGRVF-430x242.webp 430w, https:\/\/mautassin.com\/wp-content\/uploads\/2025\/07\/JHGRVF-700x394.webp 700w, https:\/\/mautassin.com\/wp-content\/uploads\/2025\/07\/JHGRVF-150x84.webp 150w\" data-sizes=\"(max-width: 1024px) 100vw, 1024px\" src=\"data:image\/svg+xml;base64,PHN2ZyB3aWR0aD0iMSIgaGVpZ2h0PSIxIiB4bWxucz0iaHR0cDovL3d3dy53My5vcmcvMjAwMC9zdmciPjwvc3ZnPg==\" style=\"--smush-placeholder-width: 1024px; --smush-placeholder-aspect-ratio: 1024\/576;\" \/><\/div>\n<\/div>\n\n\n\n<div id=\"wd-ecd6e580\" class=\"wp-block-wd-column wd-align\">\n<h2 id=\"wd-523752ef\" class=\"wp-block-wd-title title\">The Mautassin Client Experience<\/h2>\n\n\n\n<p id=\"wd-3274b9cd\" class=\"wp-block-wd-paragraph wd-custom-width\">Chez <a href=\"https:\/\/mautassin.com\/en\/?v=a80e5a205c13\" data-type=\"link\" data-id=\"https:\/\/mautassin.com\/?v=a80e5a205c13\">Mautassin<\/a>, nous ciblons la femme \u00e9l\u00e9gante qui valorise la qualit\u00e9 et l\u2019exp\u00e9rience d\u2019achat exceptionnelle offerte par notre marque. L\u2019exp\u00e9rience en boutique est enrichie par nos conseillers experts, qui offrent un service personnalis\u00e9 et attentif, assurant ainsi satisfaction et fid\u00e9lit\u00e9.<\/p>\n<\/div>\n<\/div>\n<\/div>\n\n\n\n<div id=\"wd-8f419dab\" class=\"wp-block-wd-section\">\n<div id=\"wd-2cf3cd83\" class=\"wp-block-wd-row wd-custom-width\">\n<div id=\"wd-1801e8c0\" class=\"wp-block-wd-column wd-align\">\n<h2 id=\"wd-82d4dddd\" class=\"wp-block-wd-title title\">Sustainability and Ethics<\/h2>\n\n\n\n<p id=\"wd-053a1553\" class=\"wp-block-wd-paragraph wd-custom-width translation-block\">Mautassin proudly celebrates and preserves traditional Moroccan craftsmanship. We are actively committed to safeguarding these ancestral techniques while adopting ethical practices throughout our production processes. Our aim is to minimize environmental impact and ensure fairness across our supply chain. Every caftan, jellaba, or takchita is the result of meticulous work. These pieces not only reflect our passion for luxury but also embody our dedication to responsible luxury \u2014 one that respects both human and environmental values.<\/p>\n<\/div>\n\n\n\n<div id=\"wd-8273a4b2\" class=\"wp-block-wd-column\">\n<div id=\"wd-7a167923\" class=\"wp-block-wd-image wd-block-image\"><img decoding=\"async\" width=\"1024\" height=\"576\" class=\"wp-image-34420 lazyload\" data-src=\"https:\/\/v3.mautassin.com\/wp-content\/uploads\/2025\/07\/KDJFHGB.webp\" alt=\"caftan mautassin\" data-srcset=\"https:\/\/mautassin.com\/wp-content\/uploads\/2025\/07\/KDJFHGB.webp 1024w, https:\/\/mautassin.com\/wp-content\/uploads\/2025\/07\/KDJFHGB-400x225.webp 400w, https:\/\/mautassin.com\/wp-content\/uploads\/2025\/07\/KDJFHGB-768x432.webp 768w, https:\/\/mautassin.com\/wp-content\/uploads\/2025\/07\/KDJFHGB-18x10.webp 18w, https:\/\/mautassin.com\/wp-content\/uploads\/2025\/07\/KDJFHGB-430x242.webp 430w, https:\/\/mautassin.com\/wp-content\/uploads\/2025\/07\/KDJFHGB-700x394.webp 700w, https:\/\/mautassin.com\/wp-content\/uploads\/2025\/07\/KDJFHGB-150x84.webp 150w\" data-sizes=\"(max-width: 1024px) 100vw, 1024px\" src=\"data:image\/svg+xml;base64,PHN2ZyB3aWR0aD0iMSIgaGVpZ2h0PSIxIiB4bWxucz0iaHR0cDovL3d3dy53My5vcmcvMjAwMC9zdmciPjwvc3ZnPg==\" style=\"--smush-placeholder-width: 1024px; --smush-placeholder-aspect-ratio: 1024\/576;\" \/><\/div>\n<\/div>\n<\/div>\n<\/div>\n\n\n\n<div id=\"wd-225ba51f\" class=\"wp-block-wd-section\">\n<div id=\"wd-9f426a26\" class=\"wp-block-wd-row wd-custom-width\">\n<div id=\"wd-134e7465\" class=\"wp-block-wd-column\">\n<div id=\"wd-c431bc21\" class=\"wp-block-wd-image wd-block-image\"><img decoding=\"async\" width=\"1024\" height=\"576\" class=\"wp-image-34419 lazyload\" data-src=\"https:\/\/v3.mautassin.com\/wp-content\/uploads\/2025\/07\/DBHDFG.webp\" alt=\"Caftan\" data-srcset=\"https:\/\/mautassin.com\/wp-content\/uploads\/2025\/07\/DBHDFG.webp 1024w, https:\/\/mautassin.com\/wp-content\/uploads\/2025\/07\/DBHDFG-400x225.webp 400w, https:\/\/mautassin.com\/wp-content\/uploads\/2025\/07\/DBHDFG-768x432.webp 768w, https:\/\/mautassin.com\/wp-content\/uploads\/2025\/07\/DBHDFG-18x10.webp 18w, https:\/\/mautassin.com\/wp-content\/uploads\/2025\/07\/DBHDFG-430x242.webp 430w, https:\/\/mautassin.com\/wp-content\/uploads\/2025\/07\/DBHDFG-700x394.webp 700w, https:\/\/mautassin.com\/wp-content\/uploads\/2025\/07\/DBHDFG-150x84.webp 150w\" data-sizes=\"(max-width: 1024px) 100vw, 1024px\" src=\"data:image\/svg+xml;base64,PHN2ZyB3aWR0aD0iMSIgaGVpZ2h0PSIxIiB4bWxucz0iaHR0cDovL3d3dy53My5vcmcvMjAwMC9zdmciPjwvc3ZnPg==\" style=\"--smush-placeholder-width: 1024px; --smush-placeholder-aspect-ratio: 1024\/576;\" \/><\/div>\n<\/div>\n\n\n\n<div id=\"wd-070ee742\" class=\"wp-block-wd-column wd-align\">\n<h2 id=\"wd-41a4ad8b\" class=\"wp-block-wd-title title\">Mautassin: Mission and Values<\/h2>\n\n\n\n<p id=\"wd-08ac54f2\" class=\"wp-block-wd-paragraph wd-custom-width\">We aim to promote Moroccan craftsmanship and the quality of Moroccan creations on a global scale. This reinforces the status of the Moroccan caftan as a key element in international fashion. Mautassin Haute Couture stands out with a strong identity and unique values: elegance, authenticity, modernity, and creativity.<\/p>\n<\/div>\n<\/div>\n<\/div>\n\n\n\n<p><\/p>\n\n\n\n<p><\/p>\n\n\n\n<p><\/p>\n\n\n\n<div id=\"wd-164f9e9e\" class=\"wp-block-wd-container wd-dir-col\"><\/div>\n\n\n\n<p><\/p>","protected":false},"excerpt":{"rendered":"","protected":false},"author":1,"featured_media":0,"parent":0,"menu_order":0,"comment_status":"closed","ping_status":"closed","template":"","meta":{"footnotes":""},"class_list":["post-6723","page","type-page","status-publish","hentry"],"_links":{"self":[{"href":"https:\/\/mautassin.com\/en\/wp-json\/wp\/v2\/pages\/6723","targetHints":{"allow":["GET"]}}],"collection":[{"href":"https:\/\/mautassin.com\/en\/wp-json\/wp\/v2\/pages"}],"about":[{"href":"https:\/\/mautassin.com\/en\/wp-json\/wp\/v2\/types\/page"}],"author":[{"embeddable":true,"href":"https:\/\/mautassin.com\/en\/wp-json\/wp\/v2\/users\/1"}],"replies":[{"embeddable":true,"href":"https:\/\/mautassin.com\/en\/wp-json\/wp\/v2\/comments?post=6723"}],"version-history":[{"count":3,"href":"https:\/\/mautassin.com\/en\/wp-json\/wp\/v2\/pages\/6723\/revisions"}],"predecessor-version":[{"id":34940,"href":"https:\/\/mautassin.com\/en\/wp-json\/wp\/v2\/pages\/6723\/revisions\/34940"}],"wp:attachment":[{"href":"https:\/\/mautassin.com\/en\/wp-json\/wp\/v2\/media?parent=6723"}],"curies":[{"name":"wp","href":"https:\/\/api.w.org\/{rel}","templated":true}]}}